{"id":2788,"date":"2019-04-01T08:58:59","date_gmt":"2019-04-01T08:58:59","guid":{"rendered":"https:\/\/www.transistent.com\/tr\/?page_id=2788"},"modified":"2022-02-02T16:11:58","modified_gmt":"2022-02-02T13:11:58","slug":"teklif-alin","status":"publish","type":"page","link":"https:\/\/www.transistent.com\/tr\/teklif-alin\/","title":{"rendered":"\u00dccretsiz Teklif Al\u0131n"},"content":{"rendered":"<p>[vc_row css_animation=&#8221;&#8221; row_type=&#8221;row&#8221; use_row_as_full_screen_section=&#8221;no&#8221; type=&#8221;grid&#8221; angled_section=&#8221;no&#8221; text_align=&#8221;center&#8221; background_image_as_pattern=&#8221;without_pattern&#8221; css=&#8221;.vc_custom_1561980548060{padding-top: 40px !important;padding-bottom: 25px !important;padding-left: 5px !important;background-color: #fcfcfc !important;}&#8221; z_index=&#8221;&#8221;][vc_column css=&#8221;.vc_custom_1643807514081{padding-bottom: 32px !important;}&#8221;][vc_column_text css=&#8221;.vc_custom_1643807506440{padding-bottom: 20px !important;}&#8221;]<\/p>\n<h1 style=\"text-align: center;\">\u00dcCRETS\u0130Z TEKL\u0130F ALIN<\/h1>\n<p>[\/vc_column_text]\n<div class=\"wpcf7 no-js\" id=\"wpcf7-f6337-o1\" lang=\"tr-TR\" dir=\"ltr\">\n<div class=\"screen-reader-response\"><p role=\"status\" aria-live=\"polite\" aria-atomic=\"true\"><\/p> <ul><\/ul><\/div>\n<form action=\"\/tr\/wp-json\/wp\/v2\/pages\/2788#wpcf7-f6337-o1\" method=\"post\" class=\"wpcf7-form init default\" aria-label=\"Contact form\" enctype=\"multipart\/form-data\" novalidate=\"novalidate\" data-status=\"init\">\n<div style=\"display: none;\">\n<input type=\"hidden\" name=\"_wpcf7\" value=\"6337\" \/>\n<input type=\"hidden\" name=\"_wpcf7_version\" value=\"5.7.7\" \/>\n<input type=\"hidden\" name=\"_wpcf7_locale\" value=\"tr_TR\" \/>\n<input type=\"hidden\" name=\"_wpcf7_unit_tag\" value=\"wpcf7-f6337-o1\" \/>\n<input type=\"hidden\" name=\"_wpcf7_container_post\" value=\"0\" \/>\n<input type=\"hidden\" name=\"_wpcf7_posted_data_hash\" value=\"\" \/>\n<input type=\"hidden\" name=\"_wpcf7cf_hidden_group_fields\" value=\"[]\" \/>\n<input type=\"hidden\" name=\"_wpcf7cf_hidden_groups\" value=\"[]\" \/>\n<input type=\"hidden\" name=\"_wpcf7cf_visible_groups\" value=\"[]\" \/>\n<input type=\"hidden\" name=\"_wpcf7cf_repeaters\" value=\"[]\" \/>\n<input type=\"hidden\" name=\"_wpcf7cf_steps\" value=\"{}\" \/>\n<input type=\"hidden\" name=\"_wpcf7cf_options\" value=\"{&quot;form_id&quot;:6337,&quot;conditions&quot;:[{&quot;then_field&quot;:&quot;group-321&quot;,&quot;and_rules&quot;:[{&quot;if_field&quot;:&quot;service&quot;,&quot;operator&quot;:&quot;equals&quot;,&quot;if_value&quot;:&quot;Ard\\u0131l terc\\u00fcme&quot;}]},{&quot;then_field&quot;:&quot;group-321&quot;,&quot;and_rules&quot;:[{&quot;if_field&quot;:&quot;service&quot;,&quot;operator&quot;:&quot;equals&quot;,&quot;if_value&quot;:&quot;Simultane terc\\u00fcme&quot;}]}],&quot;settings&quot;:{&quot;animation&quot;:&quot;yes&quot;,&quot;animation_intime&quot;:200,&quot;animation_outtime&quot;:200,&quot;conditions_ui&quot;:&quot;normal&quot;,&quot;notice_dismissed&quot;:false,&quot;notice_dismissed_update-cf7-5.5.6&quot;:true}}\" \/>\n<input type=\"hidden\" name=\"_wpcf7_recaptcha_response\" value=\"\" \/>\n<\/div>\n<div class=\"section_inner_margin clearfix\">\n\t<div class=\"wpb_column vc_column_container vc_col-sm-6\" style=\"padding:10px!important; text-align: left!important;\">\n\t\t<p><span class=\"wpcf7-form-control-wrap\" data-name=\"your-name\"><input size=\"40\" class=\"wpcf7-form-control wpcf7-text wpcf7-validates-as-required\" aria-required=\"true\" aria-invalid=\"false\" placeholder=\"Ad\u0131n\u0131z ve soyad\u0131n\u0131z*\" value=\"\" type=\"text\" name=\"your-name\" \/><\/span>\n\t\t<\/p>\n\t<\/div>\n\t<div class=\"wpb_column vc_column_container vc_col-sm-6\" style=\"padding:10px!important; text-align: left!important;\">\n\t\t<p><span class=\"wpcf7-form-control-wrap\" data-name=\"your-email\"><input size=\"40\" class=\"wpcf7-form-control wpcf7-text wpcf7-email wpcf7-validates-as-required wpcf7-validates-as-email\" aria-required=\"true\" aria-invalid=\"false\" placeholder=\"E-posta adresiniz*\" value=\"\" type=\"email\" name=\"your-email\" \/><\/span>\n\t\t<\/p>\n\t<\/div>\n<\/div>\n<div class=\"section_inner_margin clearfix\">\n\t<div class=\"wpb_column vc_column_container vc_col-sm-6\" style=\"padding:10px!important; text-align: left!important;\">\n\t\t<p><span class=\"wpcf7-form-control-wrap\" data-name=\"tel-383\"><input size=\"40\" class=\"wpcf7-form-control wpcf7-text wpcf7-tel wpcf7-validates-as-tel\" aria-invalid=\"false\" placeholder=\"Telefon numaran\u0131z\" value=\"\" type=\"tel\" name=\"tel-383\" \/><\/span>\n\t\t<\/p>\n\t<\/div>\n\t<div class=\"wpb_column vc_column_container vc_col-sm-6\" style=\"padding:10px!important; text-align: left!important;\">\n\t\t<p><span class=\"wpcf7-form-control-wrap\" data-name=\"service\"><select class=\"wpcf7-form-control wpcf7-select wpcf7-validates-as-required\" aria-required=\"true\" aria-invalid=\"false\" name=\"service\"><option value=\"-- Hizmet t\u00fcr\u00fc --\">-- Hizmet t\u00fcr\u00fc --<\/option><option value=\"Yaz\u0131l\u0131 terc\u00fcme\">Yaz\u0131l\u0131 terc\u00fcme<\/option><option value=\"Ard\u0131l terc\u00fcme\">Ard\u0131l terc\u00fcme<\/option><option value=\"Simultane terc\u00fcme\">Simultane terc\u00fcme<\/option><option value=\"Telefonda terc\u00fcme\">Telefonda terc\u00fcme<\/option><option value=\"F\u0131s\u0131lt\u0131 terc\u00fcme\">F\u0131s\u0131lt\u0131 terc\u00fcme<\/option><option value=\"Simultane sistem kiralama\">Simultane sistem kiralama<\/option><option value=\"Redaksiyon hizmeti\">Redaksiyon hizmeti<\/option><option value=\"MT post-edit hizmeti\">MT post-edit hizmeti<\/option><option value=\"Proofreading (ana dilde kontrol)\">Proofreading (ana dilde kontrol)<\/option><option value=\"Multimedya de\u015fifre hizmeti\">Multimedya de\u015fifre hizmeti<\/option><option value=\"Altyaz\u0131 olu\u015fturma hizmeti\">Altyaz\u0131 olu\u015fturma hizmeti<\/option><option value=\"Seslendirme ve dublaj\">Seslendirme ve dublaj<\/option><option value=\"Video i\u00e7erik yerelle\u015ftirme\">Video i\u00e7erik yerelle\u015ftirme<\/option><option value=\"\u0130\u00e7erik \u00fcretimi\">\u0130\u00e7erik \u00fcretimi<\/option><option value=\"Yarat\u0131c\u0131 \u00e7eviri (transcreation)\">Yarat\u0131c\u0131 \u00e7eviri (transcreation)<\/option><option value=\"DTP hizmeti\">DTP hizmeti<\/option><option value=\"OCR hizmeti\">OCR hizmeti<\/option><option value=\"Bask\u0131 hizmeti\">Bask\u0131 hizmeti<\/option><option value=\"Di\u011fer\">Di\u011fer<\/option><\/select><\/span>\n\t\t<\/p>\n\t<\/div>\n<\/div>\n<div class=\"section_inner_margin clearfix\">\n\t<div class=\"wpb_column vc_column_container vc_col-sm-6\" style=\"padding:10px!important; text-align: left!important;\">\n\t\t<p><span class=\"wpcf7-form-control-wrap\" data-name=\"source-lang\"><input size=\"40\" class=\"wpcf7-form-control wpcf7-text\" aria-invalid=\"false\" placeholder=\"Kaynak dil\" value=\"\" type=\"text\" name=\"source-lang\" \/><\/span>\n\t\t<\/p>\n\t<\/div>\n\t<div class=\"wpb_column vc_column_container vc_col-sm-6\" style=\"padding:10px!important; text-align: left!important;\">\n\t\t<p><span class=\"wpcf7-form-control-wrap\" data-name=\"target-lang\"><input size=\"40\" class=\"wpcf7-form-control wpcf7-text\" aria-invalid=\"false\" placeholder=\"Hedef dil(ler)\" value=\"\" type=\"text\" name=\"target-lang\" \/><\/span>\n\t\t<\/p>\n\t<\/div>\n<\/div>\n<div data-id=\"group-321\" data-orig_data_id=\"group-321\"  data-class=\"wpcf7cf_group\">\n\t<div class=\"section_inner_margin clearfix\">\n\t\t<div class=\"wpb_column vc_column_container vc_col-sm-6\" style=\"padding:10px!important; text-align: left!important;\">\n\t\t\t<p><span class=\"wpcf7-form-control-wrap\" data-name=\"location\"><input size=\"40\" class=\"wpcf7-form-control wpcf7-text\" aria-invalid=\"false\" placeholder=\"Etkinlik yeri\" value=\"\" type=\"text\" name=\"location\" \/><\/span>\n\t\t\t<\/p>\n\t\t<\/div>\n\t\t<div class=\"wpb_column vc_column_container vc_col-sm-6\" style=\"padding:10px!important; text-align: left!important;\">\n\t\t\t<p><span class=\"wpcf7-form-control-wrap\" data-name=\"duration\"><input size=\"40\" class=\"wpcf7-form-control wpcf7-text\" aria-invalid=\"false\" placeholder=\"Etkinlik s\u00fcresi\" value=\"\" type=\"text\" name=\"duration\" \/><\/span>\n\t\t\t<\/p>\n\t\t<\/div>\n\t<\/div>\n<\/div>\n<div class=\"section_inner_margin clearfix\">\n\t<div class=\"wpb_column vc_column_container vc_col-sm-6\" style=\"padding:10px!important; text-align: left!important;\">\n\t\t<p><span class=\"wpcf7-form-control-wrap\" data-name=\"messages\"><textarea cols=\"40\" rows=\"10\" class=\"wpcf7-form-control wpcf7-textarea\" aria-invalid=\"false\" placeholder=\"A\u00e7\u0131klama\" name=\"messages\"><\/textarea><\/span>\n\t\t<\/p>\n\t<\/div>\n\t<div class=\"wpb_column vc_column_container vc_col-sm-6\" style=\"padding:0px!important; text-align: left!important;\">\n\t\t<div style=\"padding: 0 10px 0px 10px!important; text-align: left!important;\">\n\t\t\t<div style=\"background-color: #ededed; padding: 7px; margin-top: 15px;\">\n\t\t\t\t<div width=\"100%\"; style=\"text-align: left; vertical-align: top; margin: 0px 0px 0px 0px!important; padding: 0px 0px 0px 0px!important; font-style: italic; font-size:13px; line-height:16px;\">\n\t\t\t\t\t<p><label><strong>Not:<\/strong><\/label>\n\t\t\t\t\t<\/p>\n\t\t\t\t<\/div>\n\t\t\t\t<div width=\"100%\"; style=\"text-align: left; vertical-align: top; margin: 0px 0px 0px 0px!important; padding: 2px 0px 0px 0px!important; font-style: italic; font-size:13px; line-height:16px;\">\n\t\t\t\t\t<p>+ Y\u00fckleyece\u011finiz dosya PDF, DOC, DOCX, XLS, XLSX, RTF, PPT, PPTX, PPS, PNG, GIF, JPG, JPEG, ZIP, MP3, MID, AVI, WAW, RAR veya TXT format\u0131nda olmal\u0131d\u0131r.\n\t\t\t\t\t<\/p>\n\t\t\t\t<\/div>\n\t\t\t\t<div width=\"100%\"; style=\"text-align: left; vertical-align: top; margin: 0px 0px 0px 0px!important; padding: 2px 0px 0px 0px!important; font-style: italic; font-size:13px; line-height:16px;\">\n\t\t\t\t\t<p>+ En fazla 20 MB boyutunda dosya ekleyebilirsiniz.\n\t\t\t\t\t<\/p>\n\t\t\t\t<\/div>\n\t\t\t\t<div width=\"100%\"; style=\"text-align: left; vertical-align: top; margin: 0px 0px 0px 0px!important; padding: 2px 0px 0px 0px!important; font-style: italic; font-size:13px; line-height:16px;\">\n\t\t\t\t\t<p>+ Daha b\u00fcy\u00fck boyutlardaki dosyalar\u0131n\u0131z\u0131 <a href=\"mailto:info@transistent.com\">info@transistent.com<\/a> adresine e-posta ile g\u00f6nderebilirsiniz.\n\t\t\t\t\t<\/p>\n\t\t\t\t<\/div>\n\t\t\t<\/div>\n\t\t\t<div style=\"display:flex; background-color: #ededed; padding: 10px; margin-top: 12px;\">\n\t\t\t\t<div style=\"align-items: flex-start; zoom:1.2;\">\n\t\t\t\t\t<p><span class=\"wpcf7-form-control-wrap\" data-name=\"acceptance-898\"><span class=\"wpcf7-form-control wpcf7-acceptance\"><span class=\"wpcf7-list-item\"><input type=\"checkbox\" name=\"acceptance-898\" value=\"1\" aria-invalid=\"false\" \/><\/span><\/span><\/span>\n\t\t\t\t\t<\/p>\n\t\t\t\t<\/div>\n\t\t\t\t<div style=\"align-items: flex-end; padding-left:5px; font-size: 15px;\">\n\t\t\t\t\t<p>6698 Say\u0131l\u0131 Ki\u015fisel Verilerin Korunmas\u0131 Kanunu Kapsam\u0131nda <a class=\"popmake-6591\"><strong>Ayd\u0131nlatma Metni<\/strong><\/a>\u2019ni okudum, anlad\u0131m.\n\t\t\t\t\t<\/p>\n\t\t\t\t<\/div>\n\t\t\t<\/div>\n\t\t<\/div>\n\t\t<div style=\"display: flex; justify-content: space-between; padding-right: 10px; align-items: flex-end; min-height:65px;\">\n\t\t\t<div style=\"margin: -15px 0px 0px 10px!important; padding: 10px 0px 0px 0px!important;\">\n\t\t\t\t<div id=\"mfcf7_zl_multifilecontainer\"><span class=\"mfcf7-zl-multiline-sample\" style=\"display:none\"><p class=\"wpcf7-form-control-wrap multilinefile-905\"><input size=\"40\" class=\"wpcf7-form-control wpcf7-multilinefile\" multiple=\"multiple\" value=\"Dosya Ekle\" aria-invalid=\"false\" type=\"file\" name=\"multilinefile-905[]\" \/> <span class=\"mfcf7-zl-multifile-name\"><\/span><a href=\"javascript:void(0);\" class=\"mfcf7_zl_delete_file\"><span class=\"delete-file\" aria-hidden=\"true\">&#x274C;<\/span><\/a><\/p><\/span><\/div><span class=\"wpcf7-form-control-wrap zl-form-control-wrap multilinefile-905\"><input size=\"40\" class=\"wpcf7-form-control wpcf7-multilinefile\" multiple=\"multiple\" value=\"Dosya Ekle\" aria-invalid=\"false\" type=\"file\" name=\"multilinefile-905[]\" \/> <span class=\"mfcf7-zl-multifile-name\"><\/span><a href=\"javascript:void(0);\" class=\"mfcf7_zl_delete_file\"><span class=\"delete-file\" aria-hidden=\"true\">&#x274C;<\/span><\/a><\/span><p><label><span class=\"wpcf7-form-control-wrap\" data-name=\"multilinefile-905-zl-mfcf7-upld-btn\"><input type=\"button\" name=\"multilinefile-905-zl-mfcf7-upld-btn\" class=\"button button-primary qbutton\" id=\"mfcf7_zl_add_file\" value=\"Dosya Ekle\"><\/span><\/label><\/p>\n\t\t\t\t<\/p>\n\t\t\t<\/div>\n\t\t\t<div style=\"margin: 0px 0px 0px 0px!important; padding: 10px 0px 0px 0px!important;\">\n\t\t\t\t<p><input class=\"wpcf7-form-control has-spinner wpcf7-submit\" id=\"trteklifgonder\" type=\"submit\" value=\"G\u00f6nder\" \/>\n\t\t\t\t<\/p>\n\t\t\t<\/div>\n\t\t<\/div>\n\t<\/div>\n<\/div><input type='hidden' class='wpcf7-pum' value='{\"closepopup\":false,\"closedelay\":0,\"openpopup\":false,\"openpopup_id\":0}' \/><div class=\"wpcf7-response-output\" aria-hidden=\"true\"><\/div>\n<\/form>\n<\/div>\n[\/vc_column][\/vc_row]<\/p>\n","protected":false},"excerpt":{"rendered":"<p>[vc_row css_animation=&#8221;&#8221; row_type=&#8221;row&#8221; use_row_as_full_screen_section=&#8221;no&#8221; type=&#8221;grid&#8221; angled_section=&#8221;no&#8221; text_align=&#8221;center&#8221; background_image_as_pattern=&#8221;without_pattern&#8221; css=&#8221;.vc_custom_1561980548060{padding-top: 40px !important;padding-bottom: 25px !important;padding-left: 5px !important;background-color: #fcfcfc !important;}&#8221; z_index=&#8221;&#8221;][vc_column css=&#8221;.vc_custom_1643807514081{padding-bottom: 32px !important;}&#8221;][vc_column_text css=&#8221;.vc_custom_1643807506440{padding-bottom: 20px !important;}&#8221;] \u00dcCRETS\u0130Z TEKL\u0130F ALIN [\/vc_column_text][\/vc_column][\/vc_row]<\/p>\n","protected":false},"author":1,"featured_media":0,"parent":0,"menu_order":0,"comment_status":"closed","ping_status":"closed","template":"","meta":{"footnotes":""},"yoast_head":"<!-- This site is optimized with the Yoast SEO plugin v20.9 - https:\/\/yoast.com\/wordpress\/plugins\/seo\/ -->\n<title>\u00dccretsiz Teklif Al\u0131n - Transistent<\/title>\n<meta name=\"description\" content=\"\u00dccretsiz terc\u00fcme fiyat teklifi almak i\u00e7in t\u0131klay\u0131n.\" \/>\n<meta name=\"robots\" content=\"index, follow, max-snippet:-1, max-image-preview:large, max-video-preview:-1\" \/>\n<link rel=\"canonical\" href=\"https:\/\/www.transistent.com\/tr\/teklif-alin\/\" \/>\n<meta property=\"og:locale\" content=\"tr_TR\" \/>\n<meta property=\"og:type\" content=\"article\" \/>\n<meta property=\"og:title\" content=\"\u00dccretsiz Teklif Al\u0131n - Transistent\" \/>\n<meta property=\"og:description\" content=\"\u00dccretsiz terc\u00fcme fiyat teklifi almak i\u00e7in t\u0131klay\u0131n.\" \/>\n<meta property=\"og:url\" content=\"https:\/\/www.transistent.com\/tr\/teklif-alin\/\" \/>\n<meta property=\"og:site_name\" content=\"Transistent\" \/>\n<meta property=\"article:modified_time\" content=\"2022-02-02T13:11:58+00:00\" \/>\n<meta name=\"twitter:card\" content=\"summary_large_image\" \/>\n<script type=\"application\/ld+json\" class=\"yoast-schema-graph\">{\"@context\":\"https:\/\/schema.org\",\"@graph\":[{\"@type\":\"WebPage\",\"@id\":\"https:\/\/www.transistent.com\/tr\/teklif-alin\/\",\"url\":\"https:\/\/www.transistent.com\/tr\/teklif-alin\/\",\"name\":\"\u00dccretsiz Teklif Al\u0131n - Transistent\",\"isPartOf\":{\"@id\":\"https:\/\/www.transistent.com\/tr\/#website\"},\"datePublished\":\"2019-04-01T08:58:59+00:00\",\"dateModified\":\"2022-02-02T13:11:58+00:00\",\"description\":\"\u00dccretsiz terc\u00fcme fiyat teklifi almak i\u00e7in t\u0131klay\u0131n.\",\"breadcrumb\":{\"@id\":\"https:\/\/www.transistent.com\/tr\/teklif-alin\/#breadcrumb\"},\"inLanguage\":\"tr\",\"potentialAction\":[{\"@type\":\"ReadAction\",\"target\":[\"https:\/\/www.transistent.com\/tr\/teklif-alin\/\"]}]},{\"@type\":\"BreadcrumbList\",\"@id\":\"https:\/\/www.transistent.com\/tr\/teklif-alin\/#breadcrumb\",\"itemListElement\":[{\"@type\":\"ListItem\",\"position\":1,\"name\":\"Ana Sayfa\",\"item\":\"https:\/\/www.transistent.com\/tr\/\"},{\"@type\":\"ListItem\",\"position\":2,\"name\":\"\u00dccretsiz Teklif Al\u0131n\"}]},{\"@type\":\"WebSite\",\"@id\":\"https:\/\/www.transistent.com\/tr\/#website\",\"url\":\"https:\/\/www.transistent.com\/tr\/\",\"name\":\"Transistent\",\"description\":\"#D\u00fcnyayaUla\u015f\u0131n!\",\"potentialAction\":[{\"@type\":\"SearchAction\",\"target\":{\"@type\":\"EntryPoint\",\"urlTemplate\":\"https:\/\/www.transistent.com\/tr\/?s={search_term_string}\"},\"query-input\":\"required name=search_term_string\"}],\"inLanguage\":\"tr\"}]}<\/script>\n<!-- \/ Yoast SEO plugin. -->","yoast_head_json":{"title":"\u00dccretsiz Teklif Al\u0131n - Transistent","description":"\u00dccretsiz terc\u00fcme fiyat teklifi almak i\u00e7in t\u0131klay\u0131n.","robots":{"index":"index","follow":"follow","max-snippet":"max-snippet:-1","max-image-preview":"max-image-preview:large","max-video-preview":"max-video-preview:-1"},"canonical":"https:\/\/www.transistent.com\/tr\/teklif-alin\/","og_locale":"tr_TR","og_type":"article","og_title":"\u00dccretsiz Teklif Al\u0131n - Transistent","og_description":"\u00dccretsiz terc\u00fcme fiyat teklifi almak i\u00e7in t\u0131klay\u0131n.","og_url":"https:\/\/www.transistent.com\/tr\/teklif-alin\/","og_site_name":"Transistent","article_modified_time":"2022-02-02T13:11:58+00:00","twitter_card":"summary_large_image","schema":{"@context":"https:\/\/schema.org","@graph":[{"@type":"WebPage","@id":"https:\/\/www.transistent.com\/tr\/teklif-alin\/","url":"https:\/\/www.transistent.com\/tr\/teklif-alin\/","name":"\u00dccretsiz Teklif Al\u0131n - Transistent","isPartOf":{"@id":"https:\/\/www.transistent.com\/tr\/#website"},"datePublished":"2019-04-01T08:58:59+00:00","dateModified":"2022-02-02T13:11:58+00:00","description":"\u00dccretsiz terc\u00fcme fiyat teklifi almak i\u00e7in t\u0131klay\u0131n.","breadcrumb":{"@id":"https:\/\/www.transistent.com\/tr\/teklif-alin\/#breadcrumb"},"inLanguage":"tr","potentialAction":[{"@type":"ReadAction","target":["https:\/\/www.transistent.com\/tr\/teklif-alin\/"]}]},{"@type":"BreadcrumbList","@id":"https:\/\/www.transistent.com\/tr\/teklif-alin\/#breadcrumb","itemListElement":[{"@type":"ListItem","position":1,"name":"Ana Sayfa","item":"https:\/\/www.transistent.com\/tr\/"},{"@type":"ListItem","position":2,"name":"\u00dccretsiz Teklif Al\u0131n"}]},{"@type":"WebSite","@id":"https:\/\/www.transistent.com\/tr\/#website","url":"https:\/\/www.transistent.com\/tr\/","name":"Transistent","description":"#D\u00fcnyayaUla\u015f\u0131n!","potentialAction":[{"@type":"SearchAction","target":{"@type":"EntryPoint","urlTemplate":"https:\/\/www.transistent.com\/tr\/?s={search_term_string}"},"query-input":"required name=search_term_string"}],"inLanguage":"tr"}]}},"_links":{"self":[{"href":"https:\/\/www.transistent.com\/tr\/wp-json\/wp\/v2\/pages\/2788"}],"collection":[{"href":"https:\/\/www.transistent.com\/tr\/wp-json\/wp\/v2\/pages"}],"about":[{"href":"https:\/\/www.transistent.com\/tr\/wp-json\/wp\/v2\/types\/page"}],"author":[{"embeddable":true,"href":"https:\/\/www.transistent.com\/tr\/wp-json\/wp\/v2\/users\/1"}],"replies":[{"embeddable":true,"href":"https:\/\/www.transistent.com\/tr\/wp-json\/wp\/v2\/comments?post=2788"}],"version-history":[{"count":1,"href":"https:\/\/www.transistent.com\/tr\/wp-json\/wp\/v2\/pages\/2788\/revisions"}],"predecessor-version":[{"id":7232,"href":"https:\/\/www.transistent.com\/tr\/wp-json\/wp\/v2\/pages\/2788\/revisions\/7232"}],"wp:attachment":[{"href":"https:\/\/www.transistent.com\/tr\/wp-json\/wp\/v2\/media?parent=2788"}],"curies":[{"name":"wp","href":"https:\/\/api.w.org\/{rel}","templated":true}]}}